{"id":1247,"date":"2025-06-23T00:22:23","date_gmt":"2025-06-23T00:22:23","guid":{"rendered":"https:\/\/trustpack.lt\/?page_id=1247"},"modified":"2025-06-23T00:23:06","modified_gmt":"2025-06-23T00:23:06","slug":"krav-pa-tryckfiler","status":"publish","type":"page","link":"https:\/\/trustpack.se\/sv\/krav-pa-tryckfiler\/","title":{"rendered":"Krav f\u00f6r utskriftsfiler"},"content":{"rendered":"<div data-elementor-type=\"wp-page\" data-elementor-id=\"1247\" class=\"elementor elementor-1247\">\n\t\t\t\t<div class=\"elementor-element elementor-element-3e0f08f e-flex e-con-boxed e-con e-parent\" data-id=\"3e0f08f\" data-element_type=\"container\">\n\t\t\t\t\t<div class=\"e-con-inner\">\n\t\t<div class=\"elementor-element elementor-element-2677945 e-con-full e-flex e-con e-child\" data-id=\"2677945\" data-element_type=\"container\">\n\t\t\t\t<div class=\"elementor-element elementor-element-79633a6 elementor-widget elementor-widget-heading\" data-id=\"79633a6\" data-element_type=\"widget\" data-widget_type=\"heading.default\">\n\t\t\t\t<div class=\"elementor-widget-container\">\n\t\t\t\t\t<h2 class=\"elementor-heading-title elementor-size-default\">Krav f\u00f6r utskriftsfiler\n<\/h2>\t\t\t\t<\/div>\n\t\t\t\t<\/div>\n\t\t\t\t<div class=\"elementor-element elementor-element-dc57f45 elementor-widget-divider--view-line elementor-widget elementor-widget-divider\" data-id=\"dc57f45\" data-element_type=\"widget\" data-widget_type=\"divider.default\">\n\t\t\t\t<div class=\"elementor-widget-container\">\n\t\t\t\t\t\t\t<div class=\"elementor-divider\">\n\t\t\t<span class=\"elementor-divider-separator\">\n\t\t\t\t\t\t<\/span>\n\t\t<\/div>\n\t\t\t\t\t\t<\/div>\n\t\t\t\t<\/div>\n\t\t\t\t<div class=\"elementor-element elementor-element-8f2a5a5 elementor-widget elementor-widget-text-editor\" data-id=\"8f2a5a5\" data-element_type=\"widget\" data-widget_type=\"text-editor.default\">\n\t\t\t\t<div class=\"elementor-widget-container\">\n\t\t\t\t\t\t\t\t\t<p>F\u00f6r att en kunds id\u00e9 ska kunna bli en verklig produkt m\u00e5ste en l\u00e5ng resa g\u00f6ras \u2013 fr\u00e5n designf\u00f6rberedelse till produktframtagning.<\/p><p>Den f\u00f6rsta, mycket ansvarsfulla aktiviteten \u00e4r reproduktionsarbete (prepress), d\u00e5 kundens grafiska designlayouter f\u00f6rbereds f\u00f6r produktion: l\u00e4mpliga material och tekniker v\u00e4ljs.<\/p><h3>Lathund f\u00f6r dig som f\u00f6rbereder f\u00f6r tryckning:<\/h3><p><strong>Filformat:<\/strong>PDF (Adobe PDF-f\u00f6rinst\u00e4llning: Illustrator-standard), AI, EPS, CDR. Texter m\u00e5ste konverteras till kurvor. Importerad grafik ing\u00e5r i publikationen eller tillhandah\u00e5lls separat.<\/p><p><strong>H\u00e4ften, broschyrer, foldrar.<\/strong>Inl\u00e4mning PDF\/X-3, storlek 1:1, utfall utanf\u00f6r sidan (2 mm).<\/p><p><strong>F\u00f6rpackning:<\/strong>PDF (endast PDF i Adobe Illustrator, n\u00e4r du sparar med alternativet \"Illustrator default\"), AI, EPS, CDR. Konstruktionsritningen (l\u00e5da, hylsa och liknande arbeten, vars produktionsprocess kommer att inneb\u00e4ra bigning, sk\u00e4rning, konstruktionslimning etc.) kan inte skickas in i publiceringsprogram som Adobe Indesign eller QuarkXpress eller exporteras fr\u00e5n dem i PDF- eller EPS-format. Separata lager anger - sk\u00e4rkniv, lackeringsomr\u00e5den, pr\u00e4gling, folie. Dessa objekt m\u00e5ste f\u00e4rgas i en separat (dekor)f\u00e4rg (det \u00e4r \u00f6nskv\u00e4rt att f\u00e4rgnamnet \u00e5terspeglar motsvarande operation, t.ex. \"sk\u00e4rning\", \"pr\u00e4gling\", \"guldfolie\", etc.). Sk\u00e4rkniven anv\u00e4nds endast som den slutliga, tillhandah\u00e5llen av v\u00e5rt f\u00f6retags designer. Storlek 1:1. \u00d6verh\u00e4ng 2 mm.<\/p><p><strong>Etiketter.<\/strong>Kraven \u00e4r densamma som f\u00f6r f\u00f6rpackning.<br \/>Om etiketten eller f\u00f6rpackningen \u00e4r f\u00f6rberedd f\u00f6r metalliserat papper \u00e4r det n\u00f6dv\u00e4ndigt att ange omr\u00e5dena f\u00f6r den vita \"basen\" (primern). \"Basen\" r\u00e4knas i antalet f\u00e4rger.<\/p><p><strong>Grafikkvalitet:<\/strong>uppl\u00f6sningen f\u00f6r rastergrafik (CMYK, gr\u00e5skala) som importeras till layouten m\u00e5ste vara minst 300 DPI, bitmapp - cirka 1200 DPI.<\/p><p><strong>F\u00e4rgkorrigeringsprofil:<\/strong>Fogra39. Total bl\u00e4ckt\u00e4ckning f\u00e5r inte \u00f6verstiga 260 procent f\u00f6r offsetpapper (obestruket) eller 350 procent f\u00f6r bestruket papper (bestruket).<\/p><p><strong>Punktf\u00f6rst\u00e4rkning:<\/strong>\u00a020 procent f\u00f6r offsetpapper (obestruket) eller 9 procent f\u00f6r bestruket papper (bestruket).<\/p><p><strong>Anv\u00e4ndbara tips f\u00f6r dig.<\/strong><\/p><ul><li>Sm\u00e5 objekt eller texter m\u00e5lade i svart (0C 0M 0Y 100B) m\u00e5ste ha attributet \"\u00f6vertryck\" (eller \"multiple\") aktivt.<\/li><li>Om produkten \u00e4r rektangul\u00e4r eller fyrkantig m\u00e5ste layoutm\u00e5tten (Sidformat) motsvara det beskurna formatet. Utfallet f\u00f6r besk\u00e4rning m\u00e5ste vara minst 2 mm.<\/li><li>F\u00f6r upprepade ritningar ber vi dig att ange de \u00e4ndringar som gjorts s\u00e5 att du inte beh\u00f6ver g\u00f6ra om hela ritningen (om \u00e4ndringarna inte \u00e4r radikala).<\/li><li>F\u00f6r regelbundna kunder och \u00e5terkommande produkter b\u00f6r ett konventionellt identifieringssystem uppr\u00e4ttas, vilket \u00e5terspeglar produktkod och ritningens versionsnummer.<\/li><li>Ritningens versionsnummer \u00e4ndras vid varje revision. Det \u00e4r att f\u00f6redra att alla revisioner g\u00f6rs av den designbyr\u00e5 som tillhandah\u00e5ller ritningarna. Detta undviker risken att en icke-slutgiltig ritning g\u00e5r i produktion.<\/li><li>Vi \u00e4r alltid \u00f6ppna f\u00f6r diskussioner och f\u00f6rslag som st\u00e4rker grunden f\u00f6r samarbete och effektivt p\u00e5verkar resultaten av det gemensamma arbetet.<\/li><\/ul><p>UAB: team f\u00f6r reproduktionsavdelningen \"Trustpack\".<\/p>\t\t\t\t\t\t\t\t<\/div>\n\t\t\t\t<\/div>\n\t\t\t\t<\/div>\n\t\t\t\t\t<\/div>\n\t\t\t\t<\/div>\n\t\t\t\t<\/div>","protected":false},"excerpt":{"rendered":"<p>Reikalavimai spaudos failui Tam, kad kliento sumanyta id\u0117ja virst\u0173 realiu gaminiu, tenka nueiti ilg\u0105 keli\u0105 \u2013 nuo dizaino paruo\u0161imo iki produkto realizavimo. Pirmoji, itin atsakinga veikla \u2013 repro (ikispaustuviniai) darbai, kai klient\u0173 grafinio dizaino maketai paruo\u0161iami gamybai: parenkamos tinkamos med\u017eiagos ir technologijos. Atmintin\u0117 ruo\u0161iantiems spaudai: Byl\u0173 formatas: PDF (Adobe PDF Preset: Illustrator Default), AI, EPS, [&hellip;]<\/p>","protected":false},"author":1,"featured_media":0,"parent":0,"menu_order":0,"comment_status":"closed","ping_status":"closed","template":"","meta":{"footnotes":""},"class_list":["post-1247","page","type-page","status-publish","hentry"],"_links":{"self":[{"href":"https:\/\/trustpack.se\/sv\/wp-json\/wp\/v2\/pages\/1247","targetHints":{"allow":["GET"]}}],"collection":[{"href":"https:\/\/trustpack.se\/sv\/wp-json\/wp\/v2\/pages"}],"about":[{"href":"https:\/\/trustpack.se\/sv\/wp-json\/wp\/v2\/types\/page"}],"author":[{"embeddable":true,"href":"https:\/\/trustpack.se\/sv\/wp-json\/wp\/v2\/users\/1"}],"replies":[{"embeddable":true,"href":"https:\/\/trustpack.se\/sv\/wp-json\/wp\/v2\/comments?post=1247"}],"version-history":[{"count":0,"href":"https:\/\/trustpack.se\/sv\/wp-json\/wp\/v2\/pages\/1247\/revisions"}],"wp:attachment":[{"href":"https:\/\/trustpack.se\/sv\/wp-json\/wp\/v2\/media?parent=1247"}],"curies":[{"name":"wp","href":"https:\/\/api.w.org\/{rel}","templated":true}]}}