{"id":1277,"date":"2025-06-23T00:31:50","date_gmt":"2025-06-23T00:31:50","guid":{"rendered":"https:\/\/trustpack.lt\/?page_id=1277"},"modified":"2026-02-13T12:01:25","modified_gmt":"2026-02-13T10:01:25","slug":"integritetspolicy","status":"publish","type":"page","link":"https:\/\/trustpack.se\/sv\/integritetspolicy\/","title":{"rendered":"Integritetspolicy"},"content":{"rendered":"<div data-elementor-type=\"wp-page\" data-elementor-id=\"1277\" class=\"elementor elementor-1277\">\n\t\t\t\t<div class=\"elementor-element elementor-element-3e0f08f e-flex e-con-boxed e-con e-parent\" data-id=\"3e0f08f\" data-element_type=\"container\">\n\t\t\t\t\t<div class=\"e-con-inner\">\n\t\t<div class=\"elementor-element elementor-element-2677945 e-con-full e-flex e-con e-child\" data-id=\"2677945\" data-element_type=\"container\">\n\t\t\t\t<div class=\"elementor-element elementor-element-79633a6 elementor-widget elementor-widget-heading\" data-id=\"79633a6\" data-element_type=\"widget\" data-widget_type=\"heading.default\">\n\t\t\t\t<div class=\"elementor-widget-container\">\n\t\t\t\t\t<h2 class=\"elementor-heading-title elementor-size-default\">Integritetspolicy<\/h2>\t\t\t\t<\/div>\n\t\t\t\t<\/div>\n\t\t\t\t<div class=\"elementor-element elementor-element-dc57f45 elementor-widget-divider--view-line elementor-widget elementor-widget-divider\" data-id=\"dc57f45\" data-element_type=\"widget\" data-widget_type=\"divider.default\">\n\t\t\t\t<div class=\"elementor-widget-container\">\n\t\t\t\t\t\t\t<div class=\"elementor-divider\">\n\t\t\t<span class=\"elementor-divider-separator\">\n\t\t\t\t\t\t<\/span>\n\t\t<\/div>\n\t\t\t\t\t\t<\/div>\n\t\t\t\t<\/div>\n\t\t\t\t<div class=\"elementor-element elementor-element-8f2a5a5 elementor-widget elementor-widget-text-editor\" data-id=\"8f2a5a5\" data-element_type=\"widget\" data-widget_type=\"text-editor.default\">\n\t\t\t\t<div class=\"elementor-widget-container\">\n\t\t\t\t\t\t\t\t\t<p>Denna integritetspolicy \u00e4r avsedd f\u00f6r personer som anv\u00e4nder de tj\u00e4nster som tillhandah\u00e5lls av UAB \"Trustpack\" (nedan kallat f\u00f6retaget eller vi) och bes\u00f6ker f\u00f6retagets webbplats www.trustpack.lt (nedan kallad webbplatsen).<\/p><p>Genom att anv\u00e4nda webbplatsen, skicka in dina uppgifter, fylla i f\u00f6rfr\u00e5gningsformul\u00e4ret, skicka eller p\u00e5 annat s\u00e4tt skicka in ditt CV och forts\u00e4tta att surfa p\u00e5 webbplatsen bekr\u00e4ftar du att du har l\u00e4st denna integritetspolicy och inte inv\u00e4nder mot dess best\u00e4mmelser, och du samtycker \u00e4ven till att f\u00f6retaget kan samla in uppgifter om dig som f\u00f6retaget f\u00e5r n\u00e4r du surfar p\u00e5 webbplatsen, fyller i f\u00f6rfr\u00e5gningsformul\u00e4ret, skickar ditt CV eller p\u00e5 annat s\u00e4tt kontaktar f\u00f6retaget.<\/p><p>Denna integritetspolicy syftar inte till att ing\u00e5 ett avtal med dig om hur dina uppgifter kommer att behandlas. Vi informerar dig om vilken information vi samlar in om dig n\u00e4r du bes\u00f6ker webbplatsen, vem vi delar denna information med och hur vi kan komma att g\u00f6ra oss av med den.<\/p><p>Om du inte samtycker till att f\u00f6retaget samlar in uppgifter om dig, v\u00e4nligen l\u00e4mna inte ut dina personuppgifter till oss och\/eller bes\u00f6k inte webbplatsen.<\/p><h5><strong>1. Begrepp som anv\u00e4nds i denna integritetspolicy<\/strong><\/h5><p><em>Personuppgifter<\/em>\u00a0\u2013 avser all information som r\u00f6r en identifierad eller identifierbar fysisk person (dig); en identifierbar fysisk person \u00e4r en person som kan identifieras, direkt eller indirekt, s\u00e4rskilt genom h\u00e4nvisning till en identifierare s\u00e5som ett namn, platsuppgifter och en online-identifierare eller till en eller flera faktorer som \u00e4r specifika f\u00f6r den fysiska personens fysiska, fysiologiska, genetiska, psykiska, ekonomiska, kulturella eller sociala identitet.<\/p><p><em>Registrerad person<\/em>\u00a0\u2013 en fysisk person (du) som anv\u00e4nder tj\u00e4nsterna eller \u00e4r representant f\u00f6r en juridisk person, eller en person som bes\u00f6ker webbplatsen.<\/p><p><em>Registeransvarig<\/em>\u00a0Personuppgiftsansvarig \u2013 F\u00f6retaget UAB \u201dTrustpack\u201d, som fastst\u00e4ller grunden f\u00f6r datainsamling, \u00e4ndam\u00e5len med behandlingen och medlen. Webbplats \u2013 F\u00f6retagets webbplats\u00a0<a href=\"http:\/\/www.trustpack.lt\/\" target=\"_blank\" rel=\"noopener\">www.trustpack.lt<\/a>.<\/p><p><em>Kaka (eng. i cookie -)<\/em>\u00a0\u2013 en liten, vanligt f\u00f6rekommande textfil med ett unikt identifieringsnummer som skickas till varje registrerad persons enhet n\u00e4r de ansluter till eller surfar p\u00e5 webbplatsen. Kakor lagras endast p\u00e5 den registrerades enhet med deras samtycke. De g\u00f6r det m\u00f6jligt att \u00f6vervaka den registrerades handlingar p\u00e5 webbplatsen, samla in data om dem f\u00f6r att s\u00e4kerst\u00e4lla att webbplatsen fungerar smidigt, \u00f6vervaka statistisk information och tillhandah\u00e5lla specialerbjudanden.<\/p><p><em>Direkt marknadsf\u00f6ring<\/em>\u00a0\u2013 en aktivitet d\u00e4r information och specialerbjudanden l\u00e4mnas till den registrerade via telefon, e-post eller p\u00e5 annat s\u00e4tt, i syfte att erbjuda och\/eller presentera Bolagets varor\/tj\u00e4nster, be om \u00e5sikter eller ta emot annan feedback.<\/p><p><em>Dataskyddslagar<\/em>\u00a0\u2013 Europaparlamentets och r\u00e5dets f\u00f6rordning (EU) 2016\/679 av den 27 april 2016 om skydd f\u00f6r fysiska personer med avseende p\u00e5 behandling av personuppgifter och om det fria fl\u00f6det av s\u00e5dana uppgifter och om upph\u00e4vande av direktiv 95\/46\/EG (allm\u00e4n dataskyddsf\u00f6rordning), Republiken Litauens lag om r\u00e4ttsligt skydd f\u00f6r personuppgifter, regler f\u00f6r behandling av personuppgifter som fastst\u00e4llts av den nationella beh\u00f6riga myndigheten.<\/p><h5><strong>2. Vilka principer f\u00f6ljer vi vid personuppgiftsbehandling?\u00a0<\/strong><\/h5><p>Vi str\u00e4var efter att behandla dina personuppgifter p\u00e5 ett r\u00e4ttvist, transparent och lagligt s\u00e4tt. Vi f\u00f6rs\u00e4krar dig om att alla personuppgifter behandlas i enlighet med dataskyddslagarna som reglerar behandlingen av personuppgifter.<\/p><p>Vi s\u00e4kerst\u00e4ller att vi endast samlar in de personuppgifter som \u00e4r n\u00f6dv\u00e4ndiga f\u00f6r att uppn\u00e5 f\u00f6retagets m\u00e5l, vi str\u00e4var efter att behandla dina uppgifter endast f\u00f6r de \u00e4ndam\u00e5l f\u00f6r vilka de samlades in och endast i den utstr\u00e4ckning som \u00e4r n\u00f6dv\u00e4ndig f\u00f6r att uppn\u00e5 det specifika syftet med behandlingen av personuppgifterna. Vi garanterar att vi kommer att vidta alla n\u00f6dv\u00e4ndiga \u00e5tg\u00e4rder f\u00f6r att s\u00e4kerst\u00e4lla att felaktiga och oriktiga uppgifter raderas eller korrigeras s\u00e5 snart som m\u00f6jligt.<\/p><p>Omfattningen av personuppgifter som behandlas beror p\u00e5 den information du l\u00e4mnar n\u00e4r du bes\u00f6ker webbplatsen, fyller i ett f\u00f6rfr\u00e5gningsformul\u00e4r eller l\u00e4mnar dina uppgifter f\u00f6r anst\u00e4llnings\u00e4ndam\u00e5l hos f\u00f6retaget eller bes\u00f6ker f\u00f6retagets lokaler. Uppgifter behandlas endast om det finns en laglig grund f\u00f6r behandlingen.\u00a0<\/p><h5><strong>3. Vilka personuppgifter vi hanterar?\u00a0<\/strong><\/h5><p>Den information du l\u00e4mnar direkt till oss n\u00e4r du fyller i f\u00f6rfr\u00e5gningsformul\u00e4ret \u00e4r: namn, efternamn, e-postadress, telefonnummer, namn p\u00e5 det f\u00f6retag eller den organisation du representerar och annan information som du l\u00e4mnar till oss n\u00e4r du surfar p\u00e5 webbplatsen.<\/p><p>Den information du l\u00e4mnar i anst\u00e4llningssyfte hos f\u00f6retaget. Om du vill bli anst\u00e4lld av f\u00f6retaget kommer du normalt att beh\u00f6va l\u00e4mna f\u00f6ljande personuppgifter till oss: curriculum vitae (CV), f\u00f6rnamn, efternamn, e-postadress. Om du l\u00e4mnar mer information (personuppgifter) om dig sj\u00e4lv, kommer vi att tolka detta som ditt uttryckliga samtycke till att behandla s\u00e5dana ytterligare uppgifter.<\/p><p>Information om hur du anv\u00e4nder v\u00e5r webbplats: information som vi f\u00e5r n\u00e4r du surfar p\u00e5 webbplatsen, inklusive din IP-adress, geografiska plats eller annan information om din dator eller annan enhet du anv\u00e4nder. Samt information om dina handlingar p\u00e5 webbplatsen \u2013 statistik om bes\u00f6kens l\u00e4ngd, sids\u00f6kningar, antal klick, webbhistorik etc.\u00a0<\/p><h5><strong>4. F\u00f6r vilka \u00e4ndam\u00e5l anv\u00e4nder vi dina personuppgifter?\u00a0<\/strong><\/h5><p>F\u00f6retaget anv\u00e4nder personuppgifter f\u00f6r f\u00f6ljande \u00e4ndam\u00e5l:<\/p><p>F\u00f6r best\u00e4llning av f\u00f6retagets tj\u00e4nster\/varor. N\u00e4r den registrerade fyller i f\u00f6rfr\u00e5gningsformul\u00e4ret m\u00e5ste han eller hon l\u00e4mna personuppgifter i den utstr\u00e4ckning som kr\u00e4vs f\u00f6r att best\u00e4lla en specifik tj\u00e4nst eller vara. Uppgifterna anv\u00e4nds f\u00f6r att l\u00e4mna ett erbjudande, och den r\u00e4ttsliga grunden f\u00f6r behandlingen \u00e4r ing\u00e5ende av avtal med en potentiell kund.\u00a0\u00a0<\/p><p>De personuppgifter som du l\u00e4mnar n\u00e4r du s\u00f6ker ett jobb hos f\u00f6retaget behandlas i syfte att ing\u00e5 ett anst\u00e4llningsavtal med en potentiell anst\u00e4lld, den r\u00e4ttsliga grunden f\u00f6r behandlingen \u00e4r ing\u00e5ende av ett avtal med den registrerade.<\/p><p>F\u00f6r analys av webbplatstrafikstatistik. Vi str\u00e4var efter att s\u00e4kerst\u00e4lla att webbplatsen fungerar smidigt och av h\u00f6g kvalitet, att f\u00f6rb\u00e4ttra den och att anpassa den till kundernas behov. Den r\u00e4ttsliga grunden f\u00f6r databehandling \u00e4r den registrerades samtycke.<\/p><p>F\u00f6r direktmarknadsf\u00f6ring. Vi str\u00e4var efter att uppr\u00e4tth\u00e5lla relationer med kunder, d\u00e4rf\u00f6r kan vi erbjuda specialerbjudanden, kampanjer etc., samt administrera f\u00f6rfr\u00e5gningar som du fyller i n\u00e4r du kontaktar f\u00f6retaget. Den r\u00e4ttsliga grunden f\u00f6r databehandling \u00e4r den registrerades samtycke.<\/p><p>F\u00f6r andra \u00e4ndam\u00e5l. Vi kan komma att behandla dina personuppgifter f\u00f6r andra \u00e4ndam\u00e5l om vi har f\u00e5tt ditt samtycke.<\/p><h5><strong>5. Behandling av personuppgifter i anst\u00e4llningssyfte hos f\u00f6retaget<\/strong><\/h5><p>Om du s\u00f6ker en specifik tj\u00e4nst men inte erbjuds ett jobb, eller om du inte har angett att du s\u00f6ker en specifik tj\u00e4nst, kommer vi, efter att ha mottagit ditt samtycke, att lagra och behandla dina uppgifter i f\u00f6retagets kandidatdatabas f\u00f6r framtida rekrytering av anst\u00e4llda under en period som inte \u00f6verstiger 6 (sex) m\u00e5nader. I s\u00e5dant fall kommer de l\u00e4mnade uppgifterna att f\u00f6ras in i f\u00f6retagets kandidatdatabas (databas f\u00f6r potentiella anst\u00e4llda). Under hela datalagringsperioden kan vi utv\u00e4rdera din kandidatur och ge dig jobberbjudanden i f\u00f6retaget. Grunden f\u00f6r databehandling \u00e4r den registrerades (dig) samtycke.\u00a0<\/p><p>Om du inte samtycker till lagring och behandling av personuppgifter i f\u00f6retagets kandidatdatabas f\u00f6r framtida rekrytering av anst\u00e4llda, kommer dina uppgifter att f\u00f6rst\u00f6ras efter att urvalet f\u00f6r en specifik tj\u00e4nst \u00e4r slutf\u00f6rt.\u00a0<\/p><p>Du kan n\u00e4r som helst \u00e5terkalla ditt samtycke genom att kontakta oss med hj\u00e4lp av kontaktuppgifterna nedan.\u00a0<\/p><h5><strong>6. Information om cookies som anv\u00e4nds<\/strong><\/h5><p>Vi vill informera dig om att vi anv\u00e4nder cookies p\u00e5 webbplatsen f\u00f6r att s\u00e4kerst\u00e4lla en bekv\u00e4mare surfning och f\u00f6r att l\u00e4ra oss om bes\u00f6karnas beteende p\u00e5 webbplatsen. Cookies g\u00f6r det m\u00f6jligt f\u00f6r oss att samla in statistisk information och s\u00e4kerst\u00e4lla webbplatsens h\u00f6gkvalitativa funktionalitet.\u00a0<\/p><p>Kakor som anv\u00e4nds p\u00e5 webbplatsen:<\/p><ul><li>laravel_session<\/li><li>XSRF-TOKEN<\/li><\/ul><p>Cookies f\u00e5r endast placeras om inst\u00e4llningarna p\u00e5 din enhet till\u00e5ter det. Genom att bes\u00f6ka webbplatsen godk\u00e4nner du lagring av cookies. Du kan n\u00e4r som helst \u00e5terkalla ditt samtycke genom att \u00e4ndra dina webbl\u00e4sarinst\u00e4llningar och radera lagrade cookies.<\/p><p>De flesta webbl\u00e4sare \u00e4r inst\u00e4llda p\u00e5 att automatiskt acceptera cookies. Du kan inaktivera cookies i din webbl\u00e4sare, men observera att borttagning av cookies kan g\u00f6ra att din surftid p\u00e5 webbplatsen g\u00e5r l\u00e5ngsammare, blockera \u00e5tkomst eller p\u00e5 annat s\u00e4tt begr\u00e4nsa vissa av webbplatsens funktioner som \u00e4r n\u00f6dv\u00e4ndiga f\u00f6r att webbplatsen ska fungera korrekt.\u00a0<a href=\"http:\/\/www.allaboutcookies.org\/\" target=\"_blank\" rel=\"noopener\">http:\/\/www.allaboutcookies.org<\/a>Om du beh\u00f6ver mer detaljerad information om cookies kan du bes\u00f6ka webbplatsen http:\/\/www.allaboutcookies.org, d\u00e4r du hittar detaljerad, oberoende information om hur du inaktiverar cookies via dina webbl\u00e4sarinst\u00e4llningar och hur du tar bort cookies som redan finns p\u00e5 din dator. F\u00f6r att ta bort cookies fr\u00e5n din mobiltelefon m\u00e5ste du l\u00e4sa telefonens anv\u00e4ndarmanual.<\/p><h5><strong>7. Hur avanm\u00e4ler jag mig fr\u00e5n direktmarknadsf\u00f6ring?<\/strong><\/h5><p>Du kan avanm\u00e4la dig fr\u00e5n direktmarknadsf\u00f6ring fr\u00e5n f\u00f6retaget genom att klicka p\u00e5 l\u00e4nken f\u00f6r att avanm\u00e4la dig i e-postmeddelandet eller genom att kontakta oss med hj\u00e4lp av kontaktuppgifterna nedan.<\/p><h5><strong>8. Hur skyddar vi Dina uppgifter?<\/strong><\/h5><p>Vi s\u00e4kerst\u00e4ller att de uppgifter vi samlar in \u00e4r tillr\u00e4ckliga och endast n\u00f6dv\u00e4ndiga f\u00f6r de \u00e4ndam\u00e5l f\u00f6r vilka de samlades in. Vi garanterar att personuppgifter behandlas r\u00e4ttvist och endast anv\u00e4nds f\u00f6r de \u00e4ndam\u00e5l f\u00f6r vilka de samlades in.<\/p><p>F\u00f6retaget kommer att lagra dina personuppgifter i 3 (tre) \u00e5r fr\u00e5n det datum de l\u00e4mnades in, f\u00f6rutom i de fall d\u00e4r den registrerade beg\u00e4r annat, eller i de fall d\u00e4r det kr\u00e4vs enligt lag, eller i de fall d\u00e4r det annat anges i denna integritetspolicy.<\/p><p>F\u00f6retaget \u00e5tar sig att skydda dina personuppgifter fr\u00e5n obeh\u00f6rig \u00e4ndring, avsl\u00f6jande, bedr\u00e4geri eller annan otillb\u00f6rlig hantering.<\/p><p>F\u00f6retaget ansvarar inte f\u00f6r felaktig anv\u00e4ndning av uppgifter om den intr\u00e4ffade p\u00e5 grund av den registrerades fel.<\/p><h5><strong>9. Har f\u00f6retaget anv\u00e4nt personuppgiftsbitr\u00e4den?<\/strong><\/h5><p>F\u00f6retaget behandlar personuppgifter med hj\u00e4lp av personuppgiftsbitr\u00e4den som tillhandah\u00e5ller oss redovisning, personaladministration, webbhotell, uthyrning av datacenter och\/eller server, IT-underh\u00e5ll, extern revision och andra tj\u00e4nster.<\/p><p>Vi s\u00e4kerst\u00e4ller att de personuppgiftsbehandlare vi anlitar har r\u00e4tt att behandla dina uppgifter endast i enlighet med f\u00f6retagets instruktioner och endast i den utstr\u00e4ckning det \u00e4r n\u00f6dv\u00e4ndigt f\u00f6r att korrekt fullg\u00f6ra de skyldigheter som anges i avtalet, f\u00f6r f\u00f6retagets verksamhet. N\u00e4r vi anv\u00e4nder personuppgiftsbehandlare str\u00e4var vi efter att s\u00e4kerst\u00e4lla att personuppgiftsbehandlarna har implementerat l\u00e4mpliga organisatoriska och tekniska s\u00e4kerhets\u00e5tg\u00e4rder och uppr\u00e4tth\u00e5ller sekretessen f\u00f6r dina uppgifter.<\/p><h5><strong>10. Kan dina uppgifter l\u00e4mnas ut till andra personer?<\/strong><\/h5><p>Vi kan komma att l\u00e4mna ut dina personuppgifter till tredje part:<br \/>a) i h\u00e4ndelse av tvist \u2013 till advokater som tillhandah\u00e5ller juridiska tj\u00e4nster \u00e5t oss;<br \/>b) till anlitade personuppgiftsbehandlare;<br \/>c) till statliga institutioner och andra personer i enlighet med det f\u00f6rfarande som fastst\u00e4llts i Republiken Litauens r\u00e4ttsakter.<\/p><h5><strong>11. Vilka datas\u00e4kerhets\u00e5tg\u00e4rder anv\u00e4nds?<\/strong><\/h5><p>Vi s\u00e4kerst\u00e4ller sekretessen f\u00f6r de personuppgifter du l\u00e4mnar. F\u00f6retaget har installerat n\u00f6dv\u00e4ndig utrustning f\u00f6r att s\u00e4kerst\u00e4lla s\u00e4kerheten f\u00f6r anv\u00e4ndardata mot obeh\u00f6rig \u00e5tkomst eller anv\u00e4ndning, \u00e4ndring, olaglig eller oavsiktlig f\u00f6rst\u00f6relse. Personuppgifter \u00f6verf\u00f6rs inte utanf\u00f6r Europeiska unionen.<\/p><h5><strong>12. Vilka \u00e4r dina r\u00e4ttigheter?<\/strong><\/h5><p>a) Att ta del av dina personuppgifter och hur de behandlas (r\u00e4tt till tillg\u00e5ng).<br \/>b) Att kr\u00e4va r\u00e4ttelse eller, med beaktande av \u00e4ndam\u00e5len med personuppgiftsbehandlingen, att komplettera ofullst\u00e4ndiga personuppgifter (r\u00e4tt till r\u00e4ttelse).<br \/>c) Att kr\u00e4va att dina uppgifter raderas eller att behandlingen av dina uppgifter upph\u00f6r (med undantag f\u00f6r lagring) (r\u00e4tt till f\u00f6rst\u00f6relse och r\u00e4tt att bli bortgl\u00f6md).<br \/>d) Att kr\u00e4va att den personuppgiftsansvarige begr\u00e4nsar behandlingen av uppgifter (r\u00e4tt till begr\u00e4nsning).<br \/>e) R\u00e4tt till dataportabilitet (r\u00e4tt till portabilitet).<br \/>f) Att inv\u00e4nda mot behandling av personuppgifter f\u00f6r direktmarknadsf\u00f6rings\u00e4ndam\u00e5l, men i s\u00e5 fall kan du g\u00e5 miste om m\u00f6jligheten att bli informerad om r\u00e4tten.<br \/>g) Att \u00e5terkalla samtycken som l\u00e4mnats till behandling av personuppgifter f\u00f6r de \u00e4ndam\u00e5l f\u00f6r vilka samtyckena l\u00e4mnades.<br \/>h) Att l\u00e4mna in ett klagom\u00e5l till Statens dataskyddsinspektion.<br \/>F\u00f6r att ut\u00f6va dessa r\u00e4ttigheter, v\u00e4nligen kontakta oss skriftligen eller via e-post p\u00e5 den e-postadress som angetts nedan. Vi l\u00e4mnar inte s\u00e5dan information via telefon.<\/p><h5><strong>13. Slutbest\u00e4mmelser<\/strong><\/h5><p>F\u00f6retaget ansvarar inte f\u00f6r n\u00e5gon skada och\/eller f\u00f6rlust av data, \u00e4ndring eller annan felaktig hantering av dessa som den Registrerade lider p\u00e5 grund av egen f\u00f6rskr\u00e4ckelse, tredje parts avsiktliga beteende, felaktig anv\u00e4ndning av webbplatsen eller andra felaktiga handlingar som inte beg\u00e5tts av F\u00f6retaget.<\/p><p>F\u00f6retaget f\u00f6rbeh\u00e5ller sig r\u00e4tten att v\u00e4gra att uppfylla dina beg\u00e4randen om databehandling om de \u00e4r ogrundade, otillr\u00e4ckliga och oproportionerliga, samt om den form av datainl\u00e4mning som f\u00f6retaget tillhandah\u00e5ller inte \u00e4r l\u00e4mplig f\u00f6r den registrerade.<\/p><p>Genom att fylla i formul\u00e4ret, skriva ett e-postmeddelande, skicka en f\u00f6rfr\u00e5gan eller p\u00e5 annat s\u00e4tt kontakta f\u00f6retaget inv\u00e4nder du inte mot f\u00f6retagets r\u00e4tt att kontakta dig tillbaka.<\/p><p>F\u00f6retaget har r\u00e4tt att uppdatera integritetspolicyn n\u00e4r som helst, vilken tr\u00e4der i kraft n\u00e4r den publiceras p\u00e5 webbplatsen.<\/p><p>F\u00f6r alla fr\u00e5gor g\u00e4llande databehandling kan du kontakta kontaktpersonerna nedan:<\/p><p>UAB \"Trustpack\"<br \/>adress: V\u0117trungi\u0173 g. 69, LT-06304 Vilnius, Litauen<br \/>e-post:\u00a0<a href=\"mailto:info@trustpack.lt\"><span style=\"color: #1b2d59;\">info@trustpack.lt<\/span><\/a><\/p><p>Denna integritetspolicy uppdaterades senast: 2021-06-14<\/p>\t\t\t\t\t\t\t\t<\/div>\n\t\t\t\t<\/div>\n\t\t\t\t<\/div>\n\t\t\t\t\t<\/div>\n\t\t\t\t<\/div>\n\t\t\t\t<\/div>","protected":false},"excerpt":{"rendered":"<p>Privatumo politika \u0160i Privatumo politika yra skirta asmenims, kurie naudojasi UAB &#8222;Trustpack&#8221; (toliau vadinama Bendrov\u0117 arba mes) teikiamomis paslaugomis ir lankosi Bendrov\u0117s internetin\u0117je svetain\u0117je www.trustpack.lt (toliau vadinama Svetain\u0117). Naudodamiesi Svetaine, pateikdami savo duomenis, pildydami u\u017eklausos form\u0105, si\u0173sdami ar kitu b\u016bdu pateikdami savo gyvenimo apra\u0161ym\u0105 (CV), t\u0119sdami nar\u0161ym\u0105 Svetain\u0117je, J\u016bs patvirtinate, kad susipa\u017einote su \u0161ia Privatumo [&hellip;]<\/p>","protected":false},"author":1,"featured_media":0,"parent":0,"menu_order":0,"comment_status":"closed","ping_status":"closed","template":"","meta":{"footnotes":""},"class_list":["post-1277","page","type-page","status-publish","hentry"],"_links":{"self":[{"href":"https:\/\/trustpack.se\/sv\/wp-json\/wp\/v2\/pages\/1277","targetHints":{"allow":["GET"]}}],"collection":[{"href":"https:\/\/trustpack.se\/sv\/wp-json\/wp\/v2\/pages"}],"about":[{"href":"https:\/\/trustpack.se\/sv\/wp-json\/wp\/v2\/types\/page"}],"author":[{"embeddable":true,"href":"https:\/\/trustpack.se\/sv\/wp-json\/wp\/v2\/users\/1"}],"replies":[{"embeddable":true,"href":"https:\/\/trustpack.se\/sv\/wp-json\/wp\/v2\/comments?post=1277"}],"version-history":[{"count":3,"href":"https:\/\/trustpack.se\/sv\/wp-json\/wp\/v2\/pages\/1277\/revisions"}],"predecessor-version":[{"id":3902,"href":"https:\/\/trustpack.se\/sv\/wp-json\/wp\/v2\/pages\/1277\/revisions\/3902"}],"wp:attachment":[{"href":"https:\/\/trustpack.se\/sv\/wp-json\/wp\/v2\/media?parent=1277"}],"curies":[{"name":"wp","href":"https:\/\/api.w.org\/{rel}","templated":true}]}}